{"id":25,"date":"2015-10-26T16:24:42","date_gmt":"2015-10-26T16:24:42","guid":{"rendered":"http:\/\/drost-havfiskeri.dk\/?page_id=25"},"modified":"2016-12-21T13:35:48","modified_gmt":"2016-12-21T13:35:48","slug":"historie","status":"publish","type":"page","link":"https:\/\/drost-havfiskeri.dk\/de\/historie\/","title":{"rendered":"Geschichte"},"content":{"rendered":"<p><a href=\"http:\/\/drost-havfiskeri.dk\/wp-content\/uploads\/2015\/10\/IMG_1256.jpg\"><img loading=\"lazy\" decoding=\"async\" class=\"size-thumbnail wp-image-24 alignright\" src=\"http:\/\/drost-havfiskeri.dk\/wp-content\/uploads\/2015\/10\/IMG_1256-420x302.jpg\" alt=\"IMG_1256\" width=\"420\" height=\"302\" srcset=\"https:\/\/drost-havfiskeri.dk\/wp-content\/uploads\/2015\/10\/IMG_1256-420x302.jpg 420w, https:\/\/drost-havfiskeri.dk\/wp-content\/uploads\/2015\/10\/IMG_1256-744x535.jpg 744w, https:\/\/drost-havfiskeri.dk\/wp-content\/uploads\/2015\/10\/IMG_1256-1200x864.jpg 1200w, https:\/\/drost-havfiskeri.dk\/wp-content\/uploads\/2015\/10\/IMG_1256.jpg 1680w\" sizes=\"(max-width: 420px) 100vw, 420px\" \/><\/a>M\/S Drost wurde 1918 in Nysted gebaut, f\u00fcr Nakskov-Schiffswerft, die es als Schlepper verwenden wollten.<br \/>\nAlls M\/S Drost nicht mehr auf der Werft ben\u00f6tigt wurde, wurde es verkauft.<br \/>\nDrost ist jezt seit 3 Generationen in unserer Familie, wo der aktuelle Eigner und Skipper des Schiffs, Mikael Andersen ist.<\/p>\n<p><a href=\"http:\/\/drost-havfiskeri.dk\/wp-content\/uploads\/2016\/12\/Fischen-2000-11.jpg\"><img loading=\"lazy\" decoding=\"async\" class=\"size-medium wp-image-280 alignright\" src=\"http:\/\/drost-havfiskeri.dk\/wp-content\/uploads\/2016\/12\/Fischen-2000-11-744x952.jpg\" alt=\"\" width=\"278\" height=\"356\" srcset=\"https:\/\/drost-havfiskeri.dk\/wp-content\/uploads\/2016\/12\/Fischen-2000-11-744x952.jpg 744w, https:\/\/drost-havfiskeri.dk\/wp-content\/uploads\/2016\/12\/Fischen-2000-11-420x538.jpg 420w, https:\/\/drost-havfiskeri.dk\/wp-content\/uploads\/2016\/12\/Fischen-2000-11-768x983.jpg 768w, https:\/\/drost-havfiskeri.dk\/wp-content\/uploads\/2016\/12\/Fischen-2000-11-1200x1536.jpg 1200w, https:\/\/drost-havfiskeri.dk\/wp-content\/uploads\/2016\/12\/Fischen-2000-11.jpg 1333w\" sizes=\"(max-width: 278px) 100vw, 278px\" \/><\/a><\/p>\n<p>&nbsp;<\/p>\n<p>Von 1986 bis 2015 hat der jetzt verstorbene Kapit\u00e4n Erik Andersen, den alten Schlepper M\/S Drost total umgebaut, so das es jetzt ein modernes Passagierschiff ist. M\/S Drost alles an moderner Navigations- und Sicherheitsausr\u00fcstung und es gibt 2 beheizte r\u00e4ume und hinten auf dem deck gibt es einen Tisch mit Bank und eine sp\u00e4rliche Toilette.<\/p>\n<div>Von der D\u00e4nesche Maritime Administration hat Drost die genehmigung mit 12 passagieren zu fahren.<\/div>\n<div><\/div>\n<div><a href=\"http:\/\/drost-havfiskeri.dk\/wp-content\/uploads\/2016\/02\/Drost-2015.jpg\"><img loading=\"lazy\" decoding=\"async\" class=\"wp-image-92 alignleft\" src=\"http:\/\/drost-havfiskeri.dk\/wp-content\/uploads\/2016\/02\/Drost-2015-744x419.jpg\" alt=\"\" width=\"408\" height=\"230\" srcset=\"https:\/\/drost-havfiskeri.dk\/wp-content\/uploads\/2016\/02\/Drost-2015-744x419.jpg 744w, https:\/\/drost-havfiskeri.dk\/wp-content\/uploads\/2016\/02\/Drost-2015-420x236.jpg 420w, https:\/\/drost-havfiskeri.dk\/wp-content\/uploads\/2016\/02\/Drost-2015-768x432.jpg 768w, https:\/\/drost-havfiskeri.dk\/wp-content\/uploads\/2016\/02\/Drost-2015-1200x675.jpg 1200w, https:\/\/drost-havfiskeri.dk\/wp-content\/uploads\/2016\/02\/Drost-2015-1920x1080.jpg 1920w\" sizes=\"(max-width: 408px) 100vw, 408px\" \/><\/a><\/div>\n","protected":false},"excerpt":{"rendered":"<p class=\"post-excerpt\">M\/S Drost wurde 1918 in Nysted gebaut, f\u00fcr Nakskov-Schiffswerft, die es als Schlepper verwenden wollten. Alls M\/S Drost nicht mehr&hellip;<\/p>\n<div class=\"link-more\"><a href=\"https:\/\/drost-havfiskeri.dk\/de\/historie\/\">Continue reading<span class=\"screen-reader-text\"> \"Geschichte\"<\/span>&hellip;<\/a><\/div>","protected":false},"author":1,"featured_media":0,"parent":0,"menu_order":0,"comment_status":"closed","ping_status":"closed","template":"","meta":{"footnotes":""},"class_list":["post-25","page","type-page","status-publish","hentry"],"translation":{"provider":"WPGlobus","version":"3.0.2","language":"de","enabled_languages":["dk","de","en"],"languages":{"dk":{"title":true,"content":true,"excerpt":false},"de":{"title":true,"content":true,"excerpt":false},"en":{"title":true,"content":true,"excerpt":false}}},"_links":{"self":[{"href":"https:\/\/drost-havfiskeri.dk\/de\/wp-json\/wp\/v2\/pages\/25"}],"collection":[{"href":"https:\/\/drost-havfiskeri.dk\/de\/wp-json\/wp\/v2\/pages"}],"about":[{"href":"https:\/\/drost-havfiskeri.dk\/de\/wp-json\/wp\/v2\/types\/page"}],"author":[{"embeddable":true,"href":"https:\/\/drost-havfiskeri.dk\/de\/wp-json\/wp\/v2\/users\/1"}],"replies":[{"embeddable":true,"href":"https:\/\/drost-havfiskeri.dk\/de\/wp-json\/wp\/v2\/comments?post=25"}],"version-history":[{"count":22,"href":"https:\/\/drost-havfiskeri.dk\/de\/wp-json\/wp\/v2\/pages\/25\/revisions"}],"predecessor-version":[{"id":285,"href":"https:\/\/drost-havfiskeri.dk\/de\/wp-json\/wp\/v2\/pages\/25\/revisions\/285"}],"wp:attachment":[{"href":"https:\/\/drost-havfiskeri.dk\/de\/wp-json\/wp\/v2\/media?parent=25"}],"curies":[{"name":"wp","href":"https:\/\/api.w.org\/{rel}","templated":true}]}}