{"id":34,"date":"2015-10-28T16:39:33","date_gmt":"2015-10-28T16:39:33","guid":{"rendered":"http:\/\/drost-havfiskeri.dk\/?page_id=34"},"modified":"2016-03-26T21:01:45","modified_gmt":"2016-03-26T21:01:45","slug":"galleri","status":"publish","type":"page","link":"https:\/\/drost-havfiskeri.dk\/de\/galleri\/","title":{"rendered":"Galerie"},"content":{"rendered":"<figure id=\"attachment_141\" aria-describedby=\"caption-attachment-141\" style=\"width: 744px\" class=\"wp-caption alignnone\"><a href=\"http:\/\/drost-havfiskeri.dk\/wp-content\/uploads\/2016\/03\/IMG_1221.jpg\" rel=\"attachment wp-att-141\"><img loading=\"lazy\" decoding=\"async\" class=\"size-medium wp-image-141\" src=\"http:\/\/drost-havfiskeri.dk\/wp-content\/uploads\/2016\/03\/IMG_1221-744x992.jpg\" alt=\"Bagenkop Torskefestival 2015 1. pr\u00e6mie Kvinder 1. pr\u00e6mie m\u00e6nd Placering ialt 1-2-3-4-5-7-9-13-24-28 \" width=\"744\" height=\"992\" srcset=\"https:\/\/drost-havfiskeri.dk\/wp-content\/uploads\/2016\/03\/IMG_1221-744x992.jpg 744w, https:\/\/drost-havfiskeri.dk\/wp-content\/uploads\/2016\/03\/IMG_1221-420x560.jpg 420w, https:\/\/drost-havfiskeri.dk\/wp-content\/uploads\/2016\/03\/IMG_1221-768x1024.jpg 768w, https:\/\/drost-havfiskeri.dk\/wp-content\/uploads\/2016\/03\/IMG_1221-1200x1600.jpg 1200w\" sizes=\"(max-width: 744px) 100vw, 744px\" \/><\/a><figcaption id=\"caption-attachment-141\" class=\"wp-caption-text\">Bagenkop dorschfestival 2015<br \/>1. platz Frauen<br \/>1. platz m\u00e4nner<br \/>alle platzierungen 1-2-3-4-5-7-9-13-24-28<\/figcaption><\/figure>\n<figure id=\"attachment_140\" aria-describedby=\"caption-attachment-140\" style=\"width: 744px\" class=\"wp-caption alignnone\"><a href=\"http:\/\/drost-havfiskeri.dk\/wp-content\/uploads\/2016\/03\/IMG_1220.jpg\" rel=\"attachment wp-att-140\"><img loading=\"lazy\" decoding=\"async\" class=\"size-medium wp-image-140\" src=\"http:\/\/drost-havfiskeri.dk\/wp-content\/uploads\/2016\/03\/IMG_1220-744x992.jpg\" alt=\"Vinder af Bagenkop Torskefestival 2015\" width=\"744\" height=\"992\" srcset=\"https:\/\/drost-havfiskeri.dk\/wp-content\/uploads\/2016\/03\/IMG_1220-744x992.jpg 744w, https:\/\/drost-havfiskeri.dk\/wp-content\/uploads\/2016\/03\/IMG_1220-420x560.jpg 420w, https:\/\/drost-havfiskeri.dk\/wp-content\/uploads\/2016\/03\/IMG_1220-768x1024.jpg 768w, https:\/\/drost-havfiskeri.dk\/wp-content\/uploads\/2016\/03\/IMG_1220-1200x1600.jpg 1200w\" sizes=\"(max-width: 744px) 100vw, 744px\" \/><\/a><figcaption id=\"caption-attachment-140\" class=\"wp-caption-text\">sieger von Bagenkop dorschfestival 2015<\/figcaption><\/figure>\n<figure id=\"attachment_139\" aria-describedby=\"caption-attachment-139\" style=\"width: 744px\" class=\"wp-caption alignnone\"><a href=\"http:\/\/drost-havfiskeri.dk\/wp-content\/uploads\/2016\/03\/IMG_1192.jpg\" rel=\"attachment wp-att-139\"><img loading=\"lazy\" decoding=\"async\" class=\"size-medium wp-image-139\" src=\"http:\/\/drost-havfiskeri.dk\/wp-content\/uploads\/2016\/03\/IMG_1192-744x992.jpg\" alt=\"St\u00f8rste r\u00f8dsp\u00e6tte i 2015\" width=\"744\" height=\"992\" srcset=\"https:\/\/drost-havfiskeri.dk\/wp-content\/uploads\/2016\/03\/IMG_1192-744x992.jpg 744w, https:\/\/drost-havfiskeri.dk\/wp-content\/uploads\/2016\/03\/IMG_1192-420x560.jpg 420w, https:\/\/drost-havfiskeri.dk\/wp-content\/uploads\/2016\/03\/IMG_1192-768x1024.jpg 768w, https:\/\/drost-havfiskeri.dk\/wp-content\/uploads\/2016\/03\/IMG_1192-1200x1600.jpg 1200w\" sizes=\"(max-width: 744px) 100vw, 744px\" \/><\/a><figcaption id=\"caption-attachment-139\" class=\"wp-caption-text\"><span id=\"result_box\" class=\"short_text\" lang=\"de\"><span class=\"\">gr\u00f6\u00dfte<\/span> <span class=\"\">Scholle 2015<\/span><\/span><\/figcaption><\/figure>\n<p><a href=\"http:\/\/drost-havfiskeri.dk\/wp-content\/uploads\/2016\/03\/IMG_1264.jpg\" rel=\"attachment wp-att-156\"><img loading=\"lazy\" decoding=\"async\" class=\"alignnone size-medium wp-image-156\" src=\"http:\/\/drost-havfiskeri.dk\/wp-content\/uploads\/2016\/03\/IMG_1264-744x992.jpg\" alt=\"IMG_1264\" width=\"744\" height=\"992\" srcset=\"https:\/\/drost-havfiskeri.dk\/wp-content\/uploads\/2016\/03\/IMG_1264-744x992.jpg 744w, https:\/\/drost-havfiskeri.dk\/wp-content\/uploads\/2016\/03\/IMG_1264-420x560.jpg 420w, https:\/\/drost-havfiskeri.dk\/wp-content\/uploads\/2016\/03\/IMG_1264-768x1024.jpg 768w, https:\/\/drost-havfiskeri.dk\/wp-content\/uploads\/2016\/03\/IMG_1264-1200x1600.jpg 1200w\" sizes=\"(max-width: 744px) 100vw, 744px\" \/><\/a> <a href=\"http:\/\/drost-havfiskeri.dk\/wp-content\/uploads\/2016\/03\/IMG_1263.jpg\" rel=\"attachment wp-att-155\"><img loading=\"lazy\" decoding=\"async\" class=\"alignnone size-medium wp-image-155\" src=\"http:\/\/drost-havfiskeri.dk\/wp-content\/uploads\/2016\/03\/IMG_1263-744x992.jpg\" alt=\"IMG_1263\" width=\"744\" height=\"992\" srcset=\"https:\/\/drost-havfiskeri.dk\/wp-content\/uploads\/2016\/03\/IMG_1263-744x992.jpg 744w, https:\/\/drost-havfiskeri.dk\/wp-content\/uploads\/2016\/03\/IMG_1263-420x560.jpg 420w, https:\/\/drost-havfiskeri.dk\/wp-content\/uploads\/2016\/03\/IMG_1263-768x1024.jpg 768w, https:\/\/drost-havfiskeri.dk\/wp-content\/uploads\/2016\/03\/IMG_1263-1200x1600.jpg 1200w\" sizes=\"(max-width: 744px) 100vw, 744px\" \/><\/a> <a href=\"http:\/\/drost-havfiskeri.dk\/wp-content\/uploads\/2016\/03\/IMG_1252.jpg\" rel=\"attachment wp-att-153\"><img loading=\"lazy\" decoding=\"async\" class=\"alignnone size-medium wp-image-153\" src=\"http:\/\/drost-havfiskeri.dk\/wp-content\/uploads\/2016\/03\/IMG_1252-744x992.jpg\" alt=\"IMG_1252\" width=\"744\" height=\"992\" srcset=\"https:\/\/drost-havfiskeri.dk\/wp-content\/uploads\/2016\/03\/IMG_1252-744x992.jpg 744w, https:\/\/drost-havfiskeri.dk\/wp-content\/uploads\/2016\/03\/IMG_1252-420x560.jpg 420w, https:\/\/drost-havfiskeri.dk\/wp-content\/uploads\/2016\/03\/IMG_1252-768x1024.jpg 768w, https:\/\/drost-havfiskeri.dk\/wp-content\/uploads\/2016\/03\/IMG_1252-1200x1600.jpg 1200w\" sizes=\"(max-width: 744px) 100vw, 744px\" \/><\/a> <a href=\"http:\/\/drost-havfiskeri.dk\/wp-content\/uploads\/2016\/03\/IMG_1250.jpg\" rel=\"attachment wp-att-152\"><img loading=\"lazy\" decoding=\"async\" class=\"alignnone size-medium wp-image-152\" src=\"http:\/\/drost-havfiskeri.dk\/wp-content\/uploads\/2016\/03\/IMG_1250-744x992.jpg\" alt=\"IMG_1250\" width=\"744\" height=\"992\" srcset=\"https:\/\/drost-havfiskeri.dk\/wp-content\/uploads\/2016\/03\/IMG_1250-744x992.jpg 744w, https:\/\/drost-havfiskeri.dk\/wp-content\/uploads\/2016\/03\/IMG_1250-420x560.jpg 420w, https:\/\/drost-havfiskeri.dk\/wp-content\/uploads\/2016\/03\/IMG_1250-768x1024.jpg 768w, https:\/\/drost-havfiskeri.dk\/wp-content\/uploads\/2016\/03\/IMG_1250-1200x1600.jpg 1200w\" sizes=\"(max-width: 744px) 100vw, 744px\" \/><\/a> <a href=\"http:\/\/drost-havfiskeri.dk\/wp-content\/uploads\/2016\/03\/IMG_1249.jpg\" rel=\"attachment wp-att-151\"><img loading=\"lazy\" decoding=\"async\" class=\"alignnone size-medium wp-image-151\" src=\"http:\/\/drost-havfiskeri.dk\/wp-content\/uploads\/2016\/03\/IMG_1249-744x992.jpg\" alt=\"IMG_1249\" width=\"744\" height=\"992\" srcset=\"https:\/\/drost-havfiskeri.dk\/wp-content\/uploads\/2016\/03\/IMG_1249-744x992.jpg 744w, https:\/\/drost-havfiskeri.dk\/wp-content\/uploads\/2016\/03\/IMG_1249-420x560.jpg 420w, https:\/\/drost-havfiskeri.dk\/wp-content\/uploads\/2016\/03\/IMG_1249-768x1024.jpg 768w, https:\/\/drost-havfiskeri.dk\/wp-content\/uploads\/2016\/03\/IMG_1249-1200x1600.jpg 1200w\" sizes=\"(max-width: 744px) 100vw, 744px\" \/><\/a> <a href=\"http:\/\/drost-havfiskeri.dk\/wp-content\/uploads\/2016\/03\/IMG_1248.jpg\" rel=\"attachment wp-att-150\"><img loading=\"lazy\" decoding=\"async\" class=\"alignnone size-medium wp-image-150\" src=\"http:\/\/drost-havfiskeri.dk\/wp-content\/uploads\/2016\/03\/IMG_1248-744x992.jpg\" alt=\"IMG_1248\" width=\"744\" height=\"992\" srcset=\"https:\/\/drost-havfiskeri.dk\/wp-content\/uploads\/2016\/03\/IMG_1248-744x992.jpg 744w, https:\/\/drost-havfiskeri.dk\/wp-content\/uploads\/2016\/03\/IMG_1248-420x560.jpg 420w, https:\/\/drost-havfiskeri.dk\/wp-content\/uploads\/2016\/03\/IMG_1248-768x1024.jpg 768w, https:\/\/drost-havfiskeri.dk\/wp-content\/uploads\/2016\/03\/IMG_1248-1200x1600.jpg 1200w\" sizes=\"(max-width: 744px) 100vw, 744px\" \/><\/a> <a href=\"http:\/\/drost-havfiskeri.dk\/wp-content\/uploads\/2016\/03\/IMG_1246.jpg\" rel=\"attachment wp-att-149\"><img loading=\"lazy\" decoding=\"async\" class=\"alignnone size-medium wp-image-149\" src=\"http:\/\/drost-havfiskeri.dk\/wp-content\/uploads\/2016\/03\/IMG_1246-744x992.jpg\" alt=\"IMG_1246\" width=\"744\" height=\"992\" srcset=\"https:\/\/drost-havfiskeri.dk\/wp-content\/uploads\/2016\/03\/IMG_1246-744x992.jpg 744w, https:\/\/drost-havfiskeri.dk\/wp-content\/uploads\/2016\/03\/IMG_1246-420x560.jpg 420w, https:\/\/drost-havfiskeri.dk\/wp-content\/uploads\/2016\/03\/IMG_1246-768x1024.jpg 768w, https:\/\/drost-havfiskeri.dk\/wp-content\/uploads\/2016\/03\/IMG_1246-1200x1600.jpg 1200w\" sizes=\"(max-width: 744px) 100vw, 744px\" \/><\/a> <a href=\"http:\/\/drost-havfiskeri.dk\/wp-content\/uploads\/2016\/03\/IMG_1245.jpg\" rel=\"attachment wp-att-148\"><img loading=\"lazy\" decoding=\"async\" class=\"alignnone size-medium wp-image-148\" src=\"http:\/\/drost-havfiskeri.dk\/wp-content\/uploads\/2016\/03\/IMG_1245-744x992.jpg\" alt=\"IMG_1245\" width=\"744\" height=\"992\" srcset=\"https:\/\/drost-havfiskeri.dk\/wp-content\/uploads\/2016\/03\/IMG_1245-744x992.jpg 744w, https:\/\/drost-havfiskeri.dk\/wp-content\/uploads\/2016\/03\/IMG_1245-420x560.jpg 420w, https:\/\/drost-havfiskeri.dk\/wp-content\/uploads\/2016\/03\/IMG_1245-768x1024.jpg 768w, https:\/\/drost-havfiskeri.dk\/wp-content\/uploads\/2016\/03\/IMG_1245-1200x1600.jpg 1200w\" sizes=\"(max-width: 744px) 100vw, 744px\" \/><\/a> <a href=\"http:\/\/drost-havfiskeri.dk\/wp-content\/uploads\/2016\/03\/IMG_1243.jpg\" rel=\"attachment wp-att-147\"><img loading=\"lazy\" decoding=\"async\" class=\"alignnone size-medium wp-image-147\" src=\"http:\/\/drost-havfiskeri.dk\/wp-content\/uploads\/2016\/03\/IMG_1243-744x992.jpg\" alt=\"IMG_1243\" width=\"744\" height=\"992\" srcset=\"https:\/\/drost-havfiskeri.dk\/wp-content\/uploads\/2016\/03\/IMG_1243-744x992.jpg 744w, https:\/\/drost-havfiskeri.dk\/wp-content\/uploads\/2016\/03\/IMG_1243-420x560.jpg 420w, https:\/\/drost-havfiskeri.dk\/wp-content\/uploads\/2016\/03\/IMG_1243-768x1024.jpg 768w, https:\/\/drost-havfiskeri.dk\/wp-content\/uploads\/2016\/03\/IMG_1243-1200x1600.jpg 1200w\" sizes=\"(max-width: 744px) 100vw, 744px\" \/><\/a> <a href=\"http:\/\/drost-havfiskeri.dk\/wp-content\/uploads\/2016\/03\/IMG_1242.jpg\" rel=\"attachment wp-att-146\"><img loading=\"lazy\" decoding=\"async\" class=\"alignnone size-medium wp-image-146\" src=\"http:\/\/drost-havfiskeri.dk\/wp-content\/uploads\/2016\/03\/IMG_1242-744x992.jpg\" alt=\"IMG_1242\" width=\"744\" height=\"992\" srcset=\"https:\/\/drost-havfiskeri.dk\/wp-content\/uploads\/2016\/03\/IMG_1242-744x992.jpg 744w, https:\/\/drost-havfiskeri.dk\/wp-content\/uploads\/2016\/03\/IMG_1242-420x560.jpg 420w, https:\/\/drost-havfiskeri.dk\/wp-content\/uploads\/2016\/03\/IMG_1242-768x1024.jpg 768w, https:\/\/drost-havfiskeri.dk\/wp-content\/uploads\/2016\/03\/IMG_1242-1200x1600.jpg 1200w\" sizes=\"(max-width: 744px) 100vw, 744px\" \/><\/a> <a href=\"http:\/\/drost-havfiskeri.dk\/wp-content\/uploads\/2016\/03\/IMG_1239.jpg\" rel=\"attachment wp-att-144\"><img loading=\"lazy\" decoding=\"async\" class=\"alignnone size-medium wp-image-144\" src=\"http:\/\/drost-havfiskeri.dk\/wp-content\/uploads\/2016\/03\/IMG_1239-744x992.jpg\" alt=\"IMG_1239\" width=\"744\" height=\"992\" srcset=\"https:\/\/drost-havfiskeri.dk\/wp-content\/uploads\/2016\/03\/IMG_1239-744x992.jpg 744w, https:\/\/drost-havfiskeri.dk\/wp-content\/uploads\/2016\/03\/IMG_1239-420x560.jpg 420w, https:\/\/drost-havfiskeri.dk\/wp-content\/uploads\/2016\/03\/IMG_1239-768x1024.jpg 768w, https:\/\/drost-havfiskeri.dk\/wp-content\/uploads\/2016\/03\/IMG_1239-1200x1600.jpg 1200w\" sizes=\"(max-width: 744px) 100vw, 744px\" \/><\/a> <a href=\"http:\/\/drost-havfiskeri.dk\/wp-content\/uploads\/2016\/03\/IMG_1237.jpg\" rel=\"attachment wp-att-143\"><img loading=\"lazy\" decoding=\"async\" class=\"alignnone size-medium wp-image-143\" src=\"http:\/\/drost-havfiskeri.dk\/wp-content\/uploads\/2016\/03\/IMG_1237-744x992.jpg\" alt=\"IMG_1237\" width=\"744\" height=\"992\" srcset=\"https:\/\/drost-havfiskeri.dk\/wp-content\/uploads\/2016\/03\/IMG_1237-744x992.jpg 744w, https:\/\/drost-havfiskeri.dk\/wp-content\/uploads\/2016\/03\/IMG_1237-420x560.jpg 420w, https:\/\/drost-havfiskeri.dk\/wp-content\/uploads\/2016\/03\/IMG_1237-768x1024.jpg 768w, https:\/\/drost-havfiskeri.dk\/wp-content\/uploads\/2016\/03\/IMG_1237-1200x1600.jpg 1200w\" sizes=\"(max-width: 744px) 100vw, 744px\" \/><\/a> <a href=\"http:\/\/drost-havfiskeri.dk\/wp-content\/uploads\/2016\/03\/IMG_1191.jpg\" rel=\"attachment wp-att-138\"><img loading=\"lazy\" decoding=\"async\" class=\"alignnone size-medium wp-image-138\" src=\"http:\/\/drost-havfiskeri.dk\/wp-content\/uploads\/2016\/03\/IMG_1191-744x992.jpg\" alt=\"IMG_1191\" width=\"744\" height=\"992\" srcset=\"https:\/\/drost-havfiskeri.dk\/wp-content\/uploads\/2016\/03\/IMG_1191-744x992.jpg 744w, https:\/\/drost-havfiskeri.dk\/wp-content\/uploads\/2016\/03\/IMG_1191-420x560.jpg 420w, https:\/\/drost-havfiskeri.dk\/wp-content\/uploads\/2016\/03\/IMG_1191-768x1024.jpg 768w, https:\/\/drost-havfiskeri.dk\/wp-content\/uploads\/2016\/03\/IMG_1191-1200x1600.jpg 1200w\" sizes=\"(max-width: 744px) 100vw, 744px\" \/><\/a> <a href=\"http:\/\/drost-havfiskeri.dk\/wp-content\/uploads\/2016\/03\/IMG_1190.jpg\" rel=\"attachment wp-att-137\"><img loading=\"lazy\" decoding=\"async\" class=\"alignnone size-medium wp-image-137\" src=\"http:\/\/drost-havfiskeri.dk\/wp-content\/uploads\/2016\/03\/IMG_1190-744x992.jpg\" alt=\"IMG_1190\" width=\"744\" height=\"992\" srcset=\"https:\/\/drost-havfiskeri.dk\/wp-content\/uploads\/2016\/03\/IMG_1190-744x992.jpg 744w, https:\/\/drost-havfiskeri.dk\/wp-content\/uploads\/2016\/03\/IMG_1190-420x560.jpg 420w, https:\/\/drost-havfiskeri.dk\/wp-content\/uploads\/2016\/03\/IMG_1190-768x1024.jpg 768w, https:\/\/drost-havfiskeri.dk\/wp-content\/uploads\/2016\/03\/IMG_1190-1200x1600.jpg 1200w\" sizes=\"(max-width: 744px) 100vw, 744px\" \/><\/a> <a href=\"http:\/\/drost-havfiskeri.dk\/wp-content\/uploads\/2016\/03\/IMG_1189.jpg\" rel=\"attachment wp-att-136\"><img loading=\"lazy\" decoding=\"async\" class=\"alignnone size-medium wp-image-136\" src=\"http:\/\/drost-havfiskeri.dk\/wp-content\/uploads\/2016\/03\/IMG_1189-744x992.jpg\" alt=\"IMG_1189\" width=\"744\" height=\"992\" srcset=\"https:\/\/drost-havfiskeri.dk\/wp-content\/uploads\/2016\/03\/IMG_1189-744x992.jpg 744w, https:\/\/drost-havfiskeri.dk\/wp-content\/uploads\/2016\/03\/IMG_1189-420x560.jpg 420w, https:\/\/drost-havfiskeri.dk\/wp-content\/uploads\/2016\/03\/IMG_1189-768x1024.jpg 768w, https:\/\/drost-havfiskeri.dk\/wp-content\/uploads\/2016\/03\/IMG_1189-1200x1600.jpg 1200w\" sizes=\"(max-width: 744px) 100vw, 744px\" \/><\/a> <a href=\"http:\/\/drost-havfiskeri.dk\/wp-content\/uploads\/2016\/03\/IMG_1187.jpg\" rel=\"attachment wp-att-135\"><img loading=\"lazy\" decoding=\"async\" class=\"alignnone size-medium wp-image-135\" src=\"http:\/\/drost-havfiskeri.dk\/wp-content\/uploads\/2016\/03\/IMG_1187-744x992.jpg\" alt=\"IMG_1187\" width=\"744\" height=\"992\" srcset=\"https:\/\/drost-havfiskeri.dk\/wp-content\/uploads\/2016\/03\/IMG_1187-744x992.jpg 744w, https:\/\/drost-havfiskeri.dk\/wp-content\/uploads\/2016\/03\/IMG_1187-420x560.jpg 420w, https:\/\/drost-havfiskeri.dk\/wp-content\/uploads\/2016\/03\/IMG_1187-768x1024.jpg 768w, https:\/\/drost-havfiskeri.dk\/wp-content\/uploads\/2016\/03\/IMG_1187-1200x1600.jpg 1200w\" sizes=\"(max-width: 744px) 100vw, 744px\" \/><\/a><\/p>\n","protected":false},"excerpt":{"rendered":"<div class=\"link-more\"><a href=\"https:\/\/drost-havfiskeri.dk\/de\/galleri\/\">Continue reading<span class=\"screen-reader-text\"> \"Galerie\"<\/span>&hellip;<\/a><\/div>","protected":false},"author":1,"featured_media":0,"parent":0,"menu_order":0,"comment_status":"closed","ping_status":"closed","template":"","meta":{"footnotes":""},"class_list":["post-34","page","type-page","status-publish","hentry"],"translation":{"provider":"WPGlobus","version":"3.0.2","language":"de","enabled_languages":["dk","de","en"],"languages":{"dk":{"title":true,"content":true,"excerpt":false},"de":{"title":true,"content":true,"excerpt":false},"en":{"title":true,"content":true,"excerpt":false}}},"_links":{"self":[{"href":"https:\/\/drost-havfiskeri.dk\/de\/wp-json\/wp\/v2\/pages\/34"}],"collection":[{"href":"https:\/\/drost-havfiskeri.dk\/de\/wp-json\/wp\/v2\/pages"}],"about":[{"href":"https:\/\/drost-havfiskeri.dk\/de\/wp-json\/wp\/v2\/types\/page"}],"author":[{"embeddable":true,"href":"https:\/\/drost-havfiskeri.dk\/de\/wp-json\/wp\/v2\/users\/1"}],"replies":[{"embeddable":true,"href":"https:\/\/drost-havfiskeri.dk\/de\/wp-json\/wp\/v2\/comments?post=34"}],"version-history":[{"count":18,"href":"https:\/\/drost-havfiskeri.dk\/de\/wp-json\/wp\/v2\/pages\/34\/revisions"}],"predecessor-version":[{"id":238,"href":"https:\/\/drost-havfiskeri.dk\/de\/wp-json\/wp\/v2\/pages\/34\/revisions\/238"}],"wp:attachment":[{"href":"https:\/\/drost-havfiskeri.dk\/de\/wp-json\/wp\/v2\/media?parent=34"}],"curies":[{"name":"wp","href":"https:\/\/api.w.org\/{rel}","templated":true}]}}